{"id":110,"date":"2017-01-24T11:43:52","date_gmt":"2017-01-24T11:43:52","guid":{"rendered":"http:\/\/painting.aspengrovestudios.space\/?page_id=110"},"modified":"2023-12-01T17:45:39","modified_gmt":"2023-12-01T17:45:39","slug":"about-us","status":"publish","type":"page","link":"https:\/\/kdoland.com\/index.php\/about-us\/","title":{"rendered":"About Us"},"content":{"rendered":"<p>[et_pb_section fb_built=&#8221;1&#8243; disabled_on=&#8221;off|off|off&#8221; module_id=&#8221;about-section-1&#8243; _builder_version=&#8221;4.16&#8243; custom_padding=&#8221;7px||7px|||&#8221; global_colors_info=&#8221;{}&#8221;][et_pb_row column_structure=&#8221;1_4,3_4&#8243; use_custom_gutter=&#8221;on&#8221; gutter_width=&#8221;2&#8243; make_equal=&#8221;on&#8221; custom_padding_last_edited=&#8221;on|phone&#8221; module_class=&#8221;flex-row-reverse-on-mobile&#8221; _builder_version=&#8221;4.16&#8243; background_size=&#8221;initial&#8221; background_position=&#8221;top_left&#8221; background_repeat=&#8221;repeat&#8221; custom_padding_tablet=&#8221;0px||0px|&#8221; custom_padding_phone=&#8221;&#8221; global_colors_info=&#8221;{}&#8221;][et_pb_column type=&#8221;1_4&#8243; _builder_version=&#8221;4.16&#8243; custom_padding=&#8221;|||&#8221; global_colors_info=&#8221;{}&#8221; custom_padding__hover=&#8221;|||&#8221;][et_pb_blurb title=&#8221;Contact Us&#8221; image_icon_width=&#8221;none&#8221; disabled_on=&#8221;off|off|off&#8221; admin_label=&#8221;Contact us blurb&#8221; module_id=&#8221;blurb-contact&#8221; module_class=&#8221;secondary-background-color&#8221; _builder_version=&#8221;4.22.2&#8243; header_text_color=&#8221;#FFFFFF&#8221; header_line_height=&#8221;1.3em&#8221; body_text_color=&#8221;#FFFFFF&#8221; body_font_size=&#8221;16&#8243; background_image=&#8221;https:\/\/kdoland.com\/wp-content\/uploads\/2023\/10\/051.jpg&#8221; text_orientation=&#8221;center&#8221; background_layout=&#8221;dark&#8221; custom_padding=&#8221;40px|20px|40px|20px|true|true&#8221; custom_css_blurb_title=&#8221;padding-bottom: 20px;||margin-bottom: 20px;||border-bottom: 1px solid rgba(255,255,255,0.8);&#8221; border_style=&#8221;solid&#8221; image_max_width=&#8221;none&#8221; global_module=&#8221;2272&#8243; saved_tabs=&#8221;all&#8221; global_colors_info=&#8221;{}&#8221;]<\/p>\n<p><img decoding=\"async\" src=\"https:\/\/kdoland.com\/wp-content\/uploads\/2017\/02\/footer-ping-img-1.png\" \/><br \/>K-doland Enterprise<br \/>Bazar be Toliara<br \/>Madagascar<\/p>\n<p><img loading=\"lazy\" decoding=\"async\" class=\"alignnone size-full wp-image-1199\" src=\"https:\/\/kdoland.com\/wp-content\/uploads\/2017\/02\/footer-telephone-img.png\" alt=\"\" width=\"19\" height=\"19\" \/><br \/>+261320464780<\/p>\n<p><img loading=\"lazy\" decoding=\"async\" class=\"alignnone size-full wp-image-1198\" src=\"https:\/\/kdoland.com\/wp-content\/uploads\/2017\/02\/footer-envelope-img.png\" alt=\"\" width=\"20\" height=\"16\" \/><br \/><a href=\"mailto:john@construction.com\">femi@kdoland.com<\/a><\/p>\n<p>[\/et_pb_blurb][\/et_pb_column][et_pb_column type=&#8221;3_4&#8243; _builder_version=&#8221;4.16&#8243; custom_padding=&#8221;|||&#8221; global_colors_info=&#8221;{}&#8221; custom_padding__hover=&#8221;|||&#8221;][et_pb_text admin_label=&#8221;Title&#8221; _builder_version=&#8221;4.22.2&#8243; header_font_size=&#8221;36px&#8221; background_size=&#8221;initial&#8221; background_position=&#8221;top_left&#8221; background_repeat=&#8221;repeat&#8221; hover_enabled=&#8221;0&#8243; header_font_size_tablet=&#8221;34px&#8221; header_font_size_phone=&#8221;30px&#8221; header_font_size_last_edited=&#8221;on|phone&#8221; global_colors_info=&#8221;{}&#8221; background_enable_pattern_style=&#8221;on&#8221; background_pattern_color=&#8221;#E02B20&#8243; sticky_enabled=&#8221;0&#8243;]<\/p>\n<h1>About<\/h1>\n<p>[\/et_pb_text][et_pb_text _builder_version=&#8221;4.22.2&#8243; text_font_size=&#8221;15px&#8221; text_line_height=&#8221;1.9em&#8221; background_size=&#8221;initial&#8221; background_position=&#8221;top_left&#8221; background_repeat=&#8221;repeat&#8221; global_colors_info=&#8221;{}&#8221;]<\/p>\n<p>On December 6, 2013, my husband and I created Kdoland, a store allowing each customer to find the ideal gift, of any kind, and for any age. The main objective is to share happiness and make people smile.<\/p>\n<p>The name Kdoland is loosely derived from the Cadeau (French for Gift). Our Shop was a Gift from God and we wanted a place where everyone can get a Gift.<\/p>\n<p>Over the years, we have been able to diversify our range of products while specializing in what concerns the home and more precisely the kitchen area, delighting restaurateurs and hoteliers as well as individuals wanting to prepare worthy meals. of this name.<\/p>\n<p>Our strong point is our variety, so that you can find the product that best suits you, leaving your creativity free to choose, for all budgets. And according to our customers, if you can&#8217;t find an item with us, you will have difficulty finding it elsewhere in Tul\u00e9ar.<\/p>\n<p><span style=\"color: #ff0000;\"><strong>Mission Statement:<\/strong><\/span><br \/>&#8220;At Kdoland, our mission is to inspire joy and create cherished moments by offering a curated selection of unique and thoughtful gifts, with a special focus on kitchen and home essentials. We are dedicated to spreading happiness, one gift at a time, and ensuring every customer leaves with a smile.&#8221;<\/p>\n<p><strong><span style=\"color: #000080;\">Vision Statement:<\/span><\/strong><br \/>&#8220;Our vision is to be the ultimate destination for individuals seeking exceptional gifts that not only delight but also leave a lasting impression. We strive to redefine the art of gifting, setting new standards of creativity and quality, while nurturing meaningful connections in every home we touch.&#8221;<\/p>\n<p><strong><span style=\"color: #993366;\">Our Goals:<\/span><\/strong><\/p>\n<p>Customer Satisfaction:<br \/>Achieve a customer satisfaction rating of 95% within the next year through personalized service, prompt issue resolution, and continuous feedback analysis.<\/p>\n<p>Product Innovation:<br \/>Introduce a minimum of 50 new, innovative, and exclusive kitchen and home products annually, ensuring our customers always have access to the latest trends and best-in-class items.<\/p>\n<p>Community Engagement:<br \/>Organize quarterly charity events and workshops, aiming to positively impact 500 families in our local community within the next two years. Additionally, establish partnerships with local artisans to support their craft and promote sustainable practices.<\/p>\n<p>Online Presence and Sales :<br \/>Increase online sales by 40% within the next 18 months by optimizing the website for seamless user experience, implementing targeted digital marketing campaigns, and expanding our online product catalog.<\/p>\n<p>Sustainability Initiatives:<br \/>Reduce plastic usage by 50% within the next year, implement eco-friendly packaging solutions, and source at least 70% of our products from sustainable suppliers, contributing to a 25% reduction in our carbon footprint by 2025.<\/p>\n<p><em>Every smile we create, every moment of surprise, and every heartfelt thank you drives us to continue our mission.<\/em><\/p>\n<p>Together, we celebrate the art of gifting and the happiness it brings into the lives of both the giver and the receiver.<\/p>\n<p>[\/et_pb_text][\/et_pb_column][\/et_pb_row][\/et_pb_section][et_pb_section fb_built=&#8221;1&#8243; custom_padding_last_edited=&#8221;on|phone&#8221; admin_label=&#8221;Section (class %22third-background-color%22)&#8221; module_id=&#8221;home-testimonial-module&#8221; module_class=&#8221;third-background-color&#8221; _builder_version=&#8221;4.2.2&#8243; custom_margin=&#8221;-32px|||||&#8221; custom_padding=&#8221;14px||14px||true|false&#8221; custom_padding_tablet=&#8221;&#8221; custom_padding_phone=&#8221;||||true|false&#8221; global_module=&#8221;2241&#8243; saved_tabs=&#8221;all&#8221; global_colors_info=&#8221;{}&#8221;][et_pb_row _builder_version=&#8221;4.16&#8243; background_size=&#8221;initial&#8221; background_position=&#8221;top_left&#8221; background_repeat=&#8221;repeat&#8221; global_colors_info=&#8221;{}&#8221;][et_pb_column type=&#8221;4_4&#8243; _builder_version=&#8221;4.16&#8243; custom_padding=&#8221;|||&#8221; global_colors_info=&#8221;{}&#8221; custom_padding__hover=&#8221;|||&#8221;][et_pb_text admin_label=&#8221;Title&#8221; _builder_version=&#8221;4.16&#8243; header_font_size=&#8221;36px&#8221; background_size=&#8221;initial&#8221; background_position=&#8221;top_left&#8221; background_repeat=&#8221;repeat&#8221; text_orientation=&#8221;center&#8221; module_alignment=&#8221;center&#8221; header_font_size_tablet=&#8221;33px&#8221; header_font_size_phone=&#8221;30px&#8221; header_font_size_last_edited=&#8221;on|phone&#8221; global_colors_info=&#8221;{}&#8221;]<\/p>\n<h1>Client <span class=\"primary-color\"> Testimonials <\/span><\/h1>\n<p>[\/et_pb_text][\/et_pb_column][\/et_pb_row][et_pb_row column_structure=&#8221;1_2,1_2&#8243; use_custom_gutter=&#8221;on&#8221; gutter_width=&#8221;2&#8243; custom_padding_last_edited=&#8221;on|desktop&#8221; _builder_version=&#8221;4.16&#8243; background_size=&#8221;initial&#8221; background_position=&#8221;top_left&#8221; background_repeat=&#8221;repeat&#8221; custom_padding=&#8221;0px||35px||false|false&#8221; custom_padding_tablet=&#8221;&#8221; custom_padding_phone=&#8221;&#8221; global_colors_info=&#8221;{}&#8221;][et_pb_column type=&#8221;1_2&#8243; _builder_version=&#8221;4.16&#8243; custom_padding=&#8221;|||&#8221; global_colors_info=&#8221;{}&#8221; custom_padding__hover=&#8221;|||&#8221;][et_pb_testimonial author=&#8221;Mich\u00e8le Cotsoyannis&#8221; company_name=&#8221;Business Owner: H\u00f4tel Salary Bay&#8221; quote_icon=&#8221;off&#8221; admin_label=&#8221;Testimonial (class %22homepage-testimonials%22)&#8221; module_class=&#8221;homepage-testimonials&#8221; _builder_version=&#8221;4.22.2&#8243; body_font=&#8221;||on||||||&#8221; body_font_size=&#8221;15px&#8221; author_text_color=&#8221;#000000&#8243; background_color=&#8221;#ffffff&#8221; custom_css_testimonial_author=&#8221;font-style: normal;&#8221; border_radii=&#8221;on|8px|8px|8px|8px&#8221; global_colors_info=&#8221;{}&#8221;]<\/p>\n<p>Je suis Mich\u00e8le Cotsoyannis ,la propri\u00e9taire de l\u2019h\u00f4tel Salary Bay \u00e0 100 kms au Nord de Tulear et depuis l\u2019ouverture de Kadoland ,j\u2019ai enfin trouv\u00e9 une boutique o\u00f9 je pouvais denicher tout ce dont j\u2019avais besoin sans me d\u00e9placer \u00e0 Tana et surtout des produits de qualit\u00e9 et de tr\u00e8s bon go\u00fbt adapt\u00e9 \u00e0 l\u2019h\u00f4tellerie et \u00e0 la restauration.<\/p>\n<p>Femida, la propri\u00e9taire vous accueille toujours avec le sourire,attentive \u00e0 vos attentes et vos besoins.<\/p>\n<p>Si elle n\u2019a pas ce que vous cherchez,elle le commande et puis elle a su se diversifier et proposer \u00e0 ses clients des produits cosm\u00e9tiques,des parfums, du linge de maison, des jouets pour les enfants.<br \/>Une boutique \u00e0 son image o\u00f9 il fait bon de passer un moment et de trouver son bonheur.<\/p>\n<p>[\/et_pb_testimonial][\/et_pb_column][et_pb_column type=&#8221;1_2&#8243; _builder_version=&#8221;4.16&#8243; custom_padding=&#8221;|||&#8221; global_colors_info=&#8221;{}&#8221; custom_padding__hover=&#8221;|||&#8221;][et_pb_testimonial author=&#8221;Guillaume de Bejarry&#8221; company_name=&#8221;Business Owner: Ambatovaky Lodge &#8221; quote_icon=&#8221;off&#8221; admin_label=&#8221;Testimonial (class %22homepage-testimonials%22)&#8221; module_class=&#8221;homepage-testimonials&#8221; _builder_version=&#8221;4.22.2&#8243; body_font=&#8221;||on||||||&#8221; body_font_size=&#8221;15px&#8221; author_text_color=&#8221;#000000&#8243; background_color=&#8221;#ffffff&#8221; custom_css_testimonial_author=&#8221;font-style: normal;&#8221; border_radii=&#8221;on|8px|8px|8px|8px&#8221; global_colors_info=&#8221;{}&#8221;]<\/p>\n<p>\u00a0Beaucoup de choix de qualit\u00e9, c est de loin la meilleur boutique de Tul\u00e9ar concernant les ustensiles de cuisine.<\/p>\n<p>Femi de Kdoland propose un large choix d&#8217;ustensiles de cuisine de qualit\u00e9. Vivement recommand\u00e9.<\/p>\n<p>r\u00e8s bonne accueil, produits de qualit\u00e9, je recommande vivement<\/p>\n<p>[\/et_pb_testimonial][\/et_pb_column][\/et_pb_row][et_pb_row column_structure=&#8221;1_2,1_2&#8243; use_custom_gutter=&#8221;on&#8221; gutter_width=&#8221;2&#8243; custom_padding_last_edited=&#8221;on|desktop&#8221; _builder_version=&#8221;4.16&#8243; background_size=&#8221;initial&#8221; background_position=&#8221;top_left&#8221; background_repeat=&#8221;repeat&#8221; custom_padding=&#8221;0px||35px||false|false&#8221; custom_padding_tablet=&#8221;&#8221; custom_padding_phone=&#8221;&#8221; global_colors_info=&#8221;{}&#8221;][et_pb_column type=&#8221;1_2&#8243; _builder_version=&#8221;4.16&#8243; custom_padding=&#8221;|||&#8221; global_colors_info=&#8221;{}&#8221; custom_padding__hover=&#8221;|||&#8221;][et_pb_testimonial company_name=&#8221;Business Owner: La Bella Dona&#8221; quote_icon=&#8221;off&#8221; admin_label=&#8221;Testimonial (class %22homepage-testimonials%22)&#8221; module_class=&#8221;homepage-testimonials&#8221; _builder_version=&#8221;4.22.2&#8243; body_font=&#8221;||on||||||&#8221; body_font_size=&#8221;15px&#8221; author_text_color=&#8221;#000000&#8243; background_color=&#8221;#ffffff&#8221; custom_css_testimonial_author=&#8221;font-style: normal;&#8221; border_radii=&#8221;on|8px|8px|8px|8px&#8221; global_colors_info=&#8221;{}&#8221;]<\/p>\n<p>Le magasin est bien situ\u00e9, on n\u2019y trouve des produits de tr\u00e8s bonne qualit\u00e9 <br \/>Rapport qualit\u00e9 prix c\u2019est raisonnable.<\/p>\n<p>Femie, La patronne est tr\u00e8s accueillante,tr\u00e8s gentille et vous accueille avec une \u00e9norme sourire et les deux jeune homme qui travaillent avec elle sont tr\u00e8s serviable aussi et si vous cherchez un cadeau \u00e0 offrir je vous conseille vivement ce magasin<\/p>\n<p>[\/et_pb_testimonial][\/et_pb_column][et_pb_column type=&#8221;1_2&#8243; _builder_version=&#8221;4.16&#8243; custom_padding=&#8221;|||&#8221; global_colors_info=&#8221;{}&#8221; custom_padding__hover=&#8221;|||&#8221;][et_pb_testimonial author=&#8221;J.Vosgien&#8221; company_name=&#8221;Chef de projet &#038; Assistant Technique IECD&#8221; quote_icon=&#8221;off&#8221; admin_label=&#8221;Testimonial (class %22homepage-testimonials%22)&#8221; module_class=&#8221;homepage-testimonials&#8221; _builder_version=&#8221;4.22.2&#8243; body_font=&#8221;||on||||||&#8221; body_font_size=&#8221;15px&#8221; author_text_color=&#8221;#000000&#8243; background_color=&#8221;#ffffff&#8221; custom_css_testimonial_author=&#8221;font-style: normal;&#8221; border_radii=&#8221;on|8px|8px|8px|8px&#8221; global_colors_info=&#8221;{}&#8221;]<\/p>\n<p>K-Doland avec qui nous travaillons maintenant depuis presque 2ans, nous a beaucoup aid\u00e9 aux d\u00e9veloppements et \u00e0 la bonne r\u00e9alisation de nos travaux pratiques pour notre fili\u00e8re HR \u00e0 DBT.<\/p>\n<p>Par l&#8217;achat de mat\u00e9riels de qualit\u00e9 et le service de qualit\u00e9 r\u00e9alis\u00e9 par l&#8217;achat de nos besoins en MP et livraison sur nos diff\u00e9rents sites de plateau technique hebdomadaire. Merci et longue p\u00e9rennit\u00e9.<\/p>\n<p>[\/et_pb_testimonial][\/et_pb_column][\/et_pb_row][et_pb_row column_structure=&#8221;1_2,1_2&#8243; use_custom_gutter=&#8221;on&#8221; gutter_width=&#8221;2&#8243; custom_padding_last_edited=&#8221;on|desktop&#8221; _builder_version=&#8221;4.16&#8243; background_size=&#8221;initial&#8221; background_position=&#8221;top_left&#8221; background_repeat=&#8221;repeat&#8221; custom_padding=&#8221;0px||35px||false|false&#8221; custom_padding_tablet=&#8221;&#8221; custom_padding_phone=&#8221;&#8221; global_colors_info=&#8221;{}&#8221;][et_pb_column type=&#8221;1_2&#8243; _builder_version=&#8221;4.16&#8243; custom_padding=&#8221;|||&#8221; global_colors_info=&#8221;{}&#8221; custom_padding__hover=&#8221;|||&#8221;][et_pb_testimonial author=&#8221;Guillaume&#8221; company_name=&#8221;Restaurant le boeuf tulear&#8221; quote_icon=&#8221;off&#8221; admin_label=&#8221;Testimonial (class %22homepage-testimonials%22)&#8221; module_class=&#8221;homepage-testimonials&#8221; _builder_version=&#8221;4.22.2&#8243; body_font=&#8221;||on||||||&#8221; body_font_size=&#8221;15px&#8221; author_text_color=&#8221;#000000&#8243; background_color=&#8221;#ffffff&#8221; custom_css_testimonial_author=&#8221;font-style: normal;&#8221; border_radii=&#8221;on|8px|8px|8px|8px&#8221; global_colors_info=&#8221;{}&#8221;]<\/p>\n<p>Kdoland, Mon magasin pr\u00e9f\u00e9r\u00e9 pour la famille et la maison.<\/p>\n<p>Franchissez la porte, vous \u00eates \u00e0 la maison. Femi est la patronne la plus accueillante de Tulear !!!<br \/>Il y a forc\u00e9ment une \u00e9tag\u00e8re qui cache votre tr\u00e9sor.<\/p>\n<p>Femi vous guidera vers le cadeau parfait, que ce soit pour un anniversaire, une occasion sp\u00e9ciale ou juste pour le plaisir.<\/p>\n<p>Vous repartirez avec bien plus qu&#8217;un present et surtout avec l&#8217;envie d&#8217;y revenir !<\/p>\n<p>[\/et_pb_testimonial][\/et_pb_column][et_pb_column type=&#8221;1_2&#8243; _builder_version=&#8221;4.16&#8243; custom_padding=&#8221;|||&#8221; global_colors_info=&#8221;{}&#8221; custom_padding__hover=&#8221;|||&#8221;][\/et_pb_column][\/et_pb_row][\/et_pb_section][et_pb_section fb_built=&#8221;1&#8243; custom_padding_last_edited=&#8221;on|desktop&#8221; admin_label=&#8221;Section (classes %22secondary-background-color%22, %22primary-border-color%22)&#8221; module_class=&#8221;secondary-background-color  primary-border-color &#8221; _builder_version=&#8221;4.22.2&#8243; background_image=&#8221;https:\/\/kdoland.com\/wp-content\/uploads\/2023\/10\/Untitled-design-6-1.png&#8221; custom_padding=&#8221;32px||32px||true|&#8221; custom_padding_tablet=&#8221;70px||70px||true|false&#8221; custom_padding_phone=&#8221;65px||65px||true|false&#8221; border_width_bottom=&#8221;5px&#8221; global_module=&#8221;2240&#8243; saved_tabs=&#8221;all&#8221; global_colors_info=&#8221;{}&#8221;][et_pb_row _builder_version=&#8221;4.16&#8243; background_size=&#8221;initial&#8221; background_position=&#8221;top_left&#8221; background_repeat=&#8221;repeat&#8221; custom_padding=&#8221;0px||0px||true|false&#8221; global_colors_info=&#8221;{}&#8221;][et_pb_column type=&#8221;4_4&#8243; _builder_version=&#8221;4.16&#8243; custom_padding=&#8221;|||&#8221; global_colors_info=&#8221;{}&#8221; custom_padding__hover=&#8221;|||&#8221;][et_pb_cta title=&#8221;Do you need help finding a gift?&#8221; button_url=&#8221;@ET-DC@eyJkeW5hbWljIjp0cnVlLCJjb250ZW50IjoicG9zdF9saW5rX3VybF9wYWdlIiwic2V0dGluZ3MiOnsicG9zdF9pZCI6IjE3NzUifX0=@&#8221; button_text=&#8221;Contact Us&#8221; admin_label=&#8221;Contact Action&#8221; module_class=&#8221;promo-button-primary&#8221; _builder_version=&#8221;4.22.2&#8243; _dynamic_attributes=&#8221;button_url&#8221; header_text_color=&#8221;#000000&#8243; header_font_size=&#8221;34px&#8221; body_text_color=&#8221;#000000&#8243; body_font_size=&#8221;25px&#8221; body_line_height=&#8221;1.5em&#8221; use_background_color=&#8221;off&#8221; background_size=&#8221;initial&#8221; background_position=&#8221;top_left&#8221; background_repeat=&#8221;repeat&#8221; header_font_size_tablet=&#8221;30px&#8221; header_font_size_phone=&#8221;25px&#8221; header_font_size_last_edited=&#8221;on|desktop&#8221; button_text_color_hover=&#8221;#ffffff&#8221; button_border_color_hover=&#8221;#0b6bc5&#8243; button_letter_spacing_hover=&#8221;0&#8243; button_bg_color_hover=&#8221;#0b6bc5&#8243; global_colors_info=&#8221;{}&#8221; button_one_text_size__hover_enabled=&#8221;off&#8221; button_two_text_size__hover_enabled=&#8221;off&#8221; button_one_text_color__hover_enabled=&#8221;off&#8221; button_two_text_color__hover_enabled=&#8221;off&#8221; button_one_border_width__hover_enabled=&#8221;off&#8221; button_two_border_width__hover_enabled=&#8221;off&#8221; button_one_border_color__hover_enabled=&#8221;off&#8221; button_two_border_color__hover_enabled=&#8221;off&#8221; button_one_border_radius__hover_enabled=&#8221;off&#8221; button_two_border_radius__hover_enabled=&#8221;off&#8221; button_one_letter_spacing__hover_enabled=&#8221;off&#8221; button_two_letter_spacing__hover_enabled=&#8221;off&#8221; button_one_bg_color__hover_enabled=&#8221;off&#8221; button_two_bg_color__hover_enabled=&#8221;off&#8221;]<\/p>\n<p>Contact us today for a free quotation!<\/p>\n<p>[\/et_pb_cta][\/et_pb_column][\/et_pb_row][\/et_pb_section]<\/p>\n","protected":false},"excerpt":{"rendered":"<p>K-doland EnterpriseBazar be ToliaraMadagascar +261320464780 femi@kdoland.com AboutOn December 6, 2013, my husband and I created Kdoland, a store allowing each customer to find the ideal gift, of any kind, and for any age. The main objective is to share happiness and make people smile. The name Kdoland is loosely derived from the Cadeau (French for [&hellip;]<\/p>\n","protected":false},"author":2,"featured_media":0,"parent":0,"menu_order":0,"comment_status":"closed","ping_status":"closed","template":"","meta":{"_et_pb_use_builder":"on","_et_pb_old_content":"","_et_gb_content_width":"","footnotes":""},"class_list":["post-110","page","type-page","status-publish","hentry"],"_links":{"self":[{"href":"https:\/\/kdoland.com\/index.php\/wp-json\/wp\/v2\/pages\/110","targetHints":{"allow":["GET"]}}],"collection":[{"href":"https:\/\/kdoland.com\/index.php\/wp-json\/wp\/v2\/pages"}],"about":[{"href":"https:\/\/kdoland.com\/index.php\/wp-json\/wp\/v2\/types\/page"}],"author":[{"embeddable":true,"href":"https:\/\/kdoland.com\/index.php\/wp-json\/wp\/v2\/users\/2"}],"replies":[{"embeddable":true,"href":"https:\/\/kdoland.com\/index.php\/wp-json\/wp\/v2\/comments?post=110"}],"version-history":[{"count":6,"href":"https:\/\/kdoland.com\/index.php\/wp-json\/wp\/v2\/pages\/110\/revisions"}],"predecessor-version":[{"id":28772,"href":"https:\/\/kdoland.com\/index.php\/wp-json\/wp\/v2\/pages\/110\/revisions\/28772"}],"wp:attachment":[{"href":"https:\/\/kdoland.com\/index.php\/wp-json\/wp\/v2\/media?parent=110"}],"curies":[{"name":"wp","href":"https:\/\/api.w.org\/{rel}","templated":true}]}}