{"id":264,"date":"2017-01-24T15:41:14","date_gmt":"2017-01-24T15:41:14","guid":{"rendered":"http:\/\/painting.aspengrovestudios.space\/?page_id=264"},"modified":"2023-11-08T06:24:10","modified_gmt":"2023-11-08T06:24:10","slug":"testimonials","status":"publish","type":"page","link":"https:\/\/kdoland.com\/index.php\/testimonials\/","title":{"rendered":"Testimonials"},"content":{"rendered":"<p>[et_pb_section fb_built=&#8221;1&#8243; custom_padding_last_edited=&#8221;on|phone&#8221; admin_label=&#8221;Section (class %22secondary-background-color%22)&#8221; module_class=&#8221;secondary-background-color&#8221; _builder_version=&#8221;4.2.2&#8243; custom_padding=&#8221;18px||18px||true|&#8221; custom_padding_tablet=&#8221;60px||60px||true|false&#8221; custom_padding_phone=&#8221;30px||30px||true|false&#8221; transparent_background=&#8221;off&#8221; make_fullwidth=&#8221;off&#8221; use_custom_width=&#8221;off&#8221; width_unit=&#8221;on&#8221; global_module=&#8221;2267&#8243; saved_tabs=&#8221;all&#8221; global_colors_info=&#8221;{}&#8221;][et_pb_row column_structure=&#8221;3_4,1_4&#8243; use_custom_gutter=&#8221;on&#8221; gutter_width=&#8221;2&#8243; make_equal=&#8221;on&#8221; admin_label=&#8221;row&#8221; module_class=&#8221; et_pb_row_fullwidth&#8221; _builder_version=&#8221;4.16&#8243; width=&#8221;90%&#8221; width_tablet=&#8221;&#8221; width_phone=&#8221;&#8221; width_last_edited=&#8221;on|desktop&#8221; max_width=&#8221;1750px&#8221; max_width_tablet=&#8221;&#8221; max_width_phone=&#8221;&#8221; max_width_last_edited=&#8221;on|desktop&#8221; custom_padding=&#8221;0px||0px||true|false&#8221; make_fullwidth=&#8221;on&#8221; global_colors_info=&#8221;{}&#8221;][et_pb_column type=&#8221;3_4&#8243; _builder_version=&#8221;4.16&#8243; background_position=&#8221;top_left&#8221; custom_padding=&#8221;|||&#8221; global_colors_info=&#8221;{}&#8221; custom_padding__hover=&#8221;|||&#8221;][et_pb_slider module_class=&#8221;slider-button-primary &#8221; _builder_version=&#8221;4.22.2&#8243; header_font=&#8221;|700||on|||||&#8221; header_font_size=&#8221;48px&#8221; header_line_height=&#8221;1.3em&#8221; body_font=&#8221;||on||||||&#8221; body_font_size=&#8221;48px&#8221; body_line_height=&#8221;1.3em&#8221; background_position=&#8221;top_left&#8221; text_orientation=&#8221;left&#8221; animation_style=&#8221;fade&#8221; animation_duration=&#8221;400ms&#8221; auto=&#8221;on&#8221; header_font_size_tablet=&#8221;40px&#8221; header_font_size_phone=&#8221;35px&#8221; header_font_size_last_edited=&#8221;on|desktop&#8221; body_font_size_tablet=&#8221;40px&#8221; body_font_size_phone=&#8221;35px&#8221; body_font_size_last_edited=&#8221;on|phone&#8221; custom_css_slide_title=&#8221;font-weight: bold !important;&#8221; box_shadow_style=&#8221;preset2&#8243; box_shadow_horizontal=&#8221;0px&#8221; box_shadow_vertical=&#8221;0px&#8221; box_shadow_blur=&#8221;40px&#8221; box_shadow_spread=&#8221;10px&#8221; button_text_color_hover=&#8221;#ffffff&#8221; button_border_color_hover=&#8221;#0b6fcd&#8221; button_letter_spacing_hover=&#8221;0&#8243; button_bg_color_hover=&#8221;#0b6fcd&#8221; remove_inner_shadow=&#8221;off&#8221; hide_content_on_mobile=&#8221;off&#8221; hide_cta_on_mobile=&#8221;off&#8221; show_inner_shadow=&#8221;on&#8221; global_colors_info=&#8221;{}&#8221; button_one_text_size__hover_enabled=&#8221;off&#8221; button_two_text_size__hover_enabled=&#8221;off&#8221; button_one_text_color__hover_enabled=&#8221;off&#8221; button_two_text_color__hover_enabled=&#8221;off&#8221; button_one_border_width__hover_enabled=&#8221;off&#8221; button_two_border_width__hover_enabled=&#8221;off&#8221; button_one_border_color__hover_enabled=&#8221;off&#8221; button_two_border_color__hover_enabled=&#8221;off&#8221; button_one_border_radius__hover_enabled=&#8221;off&#8221; button_two_border_radius__hover_enabled=&#8221;off&#8221; button_one_letter_spacing__hover_enabled=&#8221;off&#8221; button_two_letter_spacing__hover_enabled=&#8221;off&#8221; button_one_bg_color__hover_enabled=&#8221;off&#8221; button_two_bg_color__hover_enabled=&#8221;off&#8221;][et_pb_slide heading=&#8221;Welcome To&#8221; button_text=&#8221;Read More&#8221; _builder_version=&#8221;4.22.2&#8243; background_image=&#8221;https:\/\/kdoland.com\/wp-content\/uploads\/2017\/01\/painting-slider.jpg&#8221; background_enable_image=&#8221;on&#8221; button_text_color_hover=&#8221;#ffffff&#8221; button_border_color_hover=&#8221;#524c5a&#8221; button_bg_color_hover=&#8221;#524c5a&#8221; global_colors_info=&#8221;{}&#8221; button_one_text_size__hover_enabled=&#8221;off&#8221; button_two_text_size__hover_enabled=&#8221;off&#8221; button_one_text_color__hover_enabled=&#8221;off&#8221; button_two_text_color__hover_enabled=&#8221;off&#8221; button_one_border_width__hover_enabled=&#8221;off&#8221; button_two_border_width__hover_enabled=&#8221;off&#8221; button_one_border_color__hover_enabled=&#8221;off&#8221; button_two_border_color__hover_enabled=&#8221;off&#8221; button_one_border_radius__hover_enabled=&#8221;off&#8221; button_two_border_radius__hover_enabled=&#8221;off&#8221; button_one_letter_spacing__hover_enabled=&#8221;off&#8221; button_two_letter_spacing__hover_enabled=&#8221;off&#8221; button_one_bg_color__hover_enabled=&#8221;off&#8221; button_two_bg_color__hover_enabled=&#8221;off&#8221; sticky_transition=&#8221;on&#8221;]<\/p>\n<p>Kdoland! Your one-stop shop<\/p>\n<p>[\/et_pb_slide][et_pb_slide heading=&#8221;Furnished Kitchen&#8221; button_text=&#8221;View Items &#038; Services&#8221; _builder_version=&#8221;4.22.2&#8243; background_enable_color=&#8221;off&#8221; background_image=&#8221;https:\/\/kdoland.com\/wp-content\/uploads\/2023\/10\/Untitled-design-1.png&#8221; background_enable_image=&#8221;on&#8221; button_text_color_hover=&#8221;#ffffff&#8221; button_border_color_hover=&#8221;#524c5a&#8221; button_bg_color_hover=&#8221;#524c5a&#8221; global_colors_info=&#8221;{}&#8221; button_one_text_size__hover_enabled=&#8221;off&#8221; button_two_text_size__hover_enabled=&#8221;off&#8221; button_one_text_color__hover_enabled=&#8221;off&#8221; button_two_text_color__hover_enabled=&#8221;off&#8221; button_one_border_width__hover_enabled=&#8221;off&#8221; button_two_border_width__hover_enabled=&#8221;off&#8221; button_one_border_color__hover_enabled=&#8221;off&#8221; button_two_border_color__hover_enabled=&#8221;off&#8221; button_one_border_radius__hover_enabled=&#8221;off&#8221; button_two_border_radius__hover_enabled=&#8221;off&#8221; button_one_letter_spacing__hover_enabled=&#8221;off&#8221; button_two_letter_spacing__hover_enabled=&#8221;off&#8221; button_one_bg_color__hover_enabled=&#8221;off&#8221; button_two_bg_color__hover_enabled=&#8221;off&#8221; sticky_transition=&#8221;on&#8221;]<\/p>\n<p>We can fully furnish your commercial or private Kitchen!<\/p>\n<p>[\/et_pb_slide][et_pb_slide heading=&#8221;Furnish Bedroom&#8221; button_text=&#8221;View Items &#038; Services&#8221; _builder_version=&#8221;4.22.2&#8243; background_enable_color=&#8221;off&#8221; background_image=&#8221;https:\/\/kdoland.com\/wp-content\/uploads\/2023\/10\/pexels-max-rahubovskiy-6969780-1.jpg&#8221; background_enable_image=&#8221;on&#8221; button_text_color_hover=&#8221;#ffffff&#8221; button_border_color_hover=&#8221;#524c5a&#8221; button_bg_color_hover=&#8221;#524c5a&#8221; global_colors_info=&#8221;{}&#8221; button_one_text_size__hover_enabled=&#8221;off&#8221; button_two_text_size__hover_enabled=&#8221;off&#8221; button_one_text_color__hover_enabled=&#8221;off&#8221; button_two_text_color__hover_enabled=&#8221;off&#8221; button_one_border_width__hover_enabled=&#8221;off&#8221; button_two_border_width__hover_enabled=&#8221;off&#8221; button_one_border_color__hover_enabled=&#8221;off&#8221; button_two_border_color__hover_enabled=&#8221;off&#8221; button_one_border_radius__hover_enabled=&#8221;off&#8221; button_two_border_radius__hover_enabled=&#8221;off&#8221; button_one_letter_spacing__hover_enabled=&#8221;off&#8221; button_two_letter_spacing__hover_enabled=&#8221;off&#8221; button_one_bg_color__hover_enabled=&#8221;off&#8221; button_two_bg_color__hover_enabled=&#8221;off&#8221; sticky_transition=&#8221;on&#8221;]<\/p>\n<p>Let us make your bedroom a little Heaven down here!<\/p>\n<p>[\/et_pb_slide][et_pb_slide heading=&#8221;Luxurious Living Room&#8221; button_text=&#8221;View Items &#038; Services&#8221; _builder_version=&#8221;4.22.2&#8243; background_enable_color=&#8221;off&#8221; background_image=&#8221;https:\/\/kdoland.com\/wp-content\/uploads\/2023\/10\/living-room.jpg&#8221; background_enable_image=&#8221;on&#8221; button_text_color_hover=&#8221;#ffffff&#8221; button_border_color_hover=&#8221;#524c5a&#8221; button_bg_color_hover=&#8221;#524c5a&#8221; global_colors_info=&#8221;{}&#8221; button_one_text_size__hover_enabled=&#8221;off&#8221; button_two_text_size__hover_enabled=&#8221;off&#8221; button_one_text_color__hover_enabled=&#8221;off&#8221; button_two_text_color__hover_enabled=&#8221;off&#8221; button_one_border_width__hover_enabled=&#8221;off&#8221; button_two_border_width__hover_enabled=&#8221;off&#8221; button_one_border_color__hover_enabled=&#8221;off&#8221; button_two_border_color__hover_enabled=&#8221;off&#8221; button_one_border_radius__hover_enabled=&#8221;off&#8221; button_two_border_radius__hover_enabled=&#8221;off&#8221; button_one_letter_spacing__hover_enabled=&#8221;off&#8221; button_two_letter_spacing__hover_enabled=&#8221;off&#8221; button_one_bg_color__hover_enabled=&#8221;off&#8221; button_two_bg_color__hover_enabled=&#8221;off&#8221; sticky_transition=&#8221;on&#8221;]<\/p>\n<p>We have everything to make your living room comfy and cozy!<\/p>\n<p>[\/et_pb_slide][et_pb_slide heading=&#8221;Asorted Gifts&#8221; button_text=&#8221;View Items &#038; Services&#8221; _builder_version=&#8221;4.22.2&#8243; header_text_color=&#8221;#000000&#8243; body_text_color=&#8221;#000000&#8243; background_enable_color=&#8221;off&#8221; background_image=&#8221;https:\/\/kdoland.com\/wp-content\/uploads\/2023\/10\/Untitled-design-2-1.png&#8221; background_enable_image=&#8221;on&#8221; button_text_color_hover=&#8221;#ffffff&#8221; button_border_color_hover=&#8221;#524c5a&#8221; button_bg_color_hover=&#8221;#524c5a&#8221; global_colors_info=&#8221;{}&#8221; button_one_text_size__hover_enabled=&#8221;off&#8221; button_two_text_size__hover_enabled=&#8221;off&#8221; button_one_text_color__hover_enabled=&#8221;off&#8221; button_two_text_color__hover_enabled=&#8221;off&#8221; button_one_border_width__hover_enabled=&#8221;off&#8221; button_two_border_width__hover_enabled=&#8221;off&#8221; button_one_border_color__hover_enabled=&#8221;off&#8221; button_two_border_color__hover_enabled=&#8221;off&#8221; button_one_border_radius__hover_enabled=&#8221;off&#8221; button_two_border_radius__hover_enabled=&#8221;off&#8221; button_one_letter_spacing__hover_enabled=&#8221;off&#8221; button_two_letter_spacing__hover_enabled=&#8221;off&#8221; button_one_bg_color__hover_enabled=&#8221;off&#8221; button_two_bg_color__hover_enabled=&#8221;off&#8221; sticky_transition=&#8221;on&#8221;]<\/p>\n<p>Irrespective of the occasion&#8230;we have a Gift for you!<\/p>\n<p>[\/et_pb_slide][\/et_pb_slider][\/et_pb_column][et_pb_column type=&#8221;1_4&#8243; module_class=&#8221;primary-background-color&#8221; admin_label=&#8221;Column (class %22primary-background-color%22)&#8221; _builder_version=&#8221;4.16&#8243; background_position=&#8221;top_left&#8221; custom_padding=&#8221;30px|20px|30px|20px|true|true&#8221; custom_padding_tablet=&#8221;40px|30px|40px|30px|true|true&#8221; custom_padding_phone=&#8221;35px|15px|35px|15px|true|true&#8221; custom_padding_last_edited=&#8221;on|phone&#8221; custom_css_main_element=&#8221;display: flex;||flex-direction: column;||justify-content: center;||&#8221; box_shadow_style=&#8221;preset1&#8243; box_shadow_vertical=&#8221;0px&#8221; box_shadow_blur=&#8221;30px&#8221; box_shadow_spread=&#8221;5px&#8221; global_colors_info=&#8221;{}&#8221; custom_padding__hover=&#8221;|||&#8221;][et_pb_text admin_label=&#8221;Title&#8221; _builder_version=&#8221;4.16&#8243; header_2_font_size=&#8221;29px&#8221; text_orientation=&#8221;center&#8221; background_layout=&#8221;dark&#8221; custom_margin=&#8221;||20px||false|false&#8221; header_2_font_size_tablet=&#8221;27px&#8221; header_2_font_size_phone=&#8221;25px&#8221; header_2_font_size_last_edited=&#8221;on|phone&#8221; border_style=&#8221;solid&#8221; global_colors_info=&#8221;{}&#8221;]<\/p>\n<h2>REQUEST A QUOTE<\/h2>\n<p>[\/et_pb_text][et_pb_contact_form captcha=&#8221;off&#8221; module_class=&#8221;services-theme-form-white  services-theme-form-button-fullwidth module-button-secondary &#8221; _builder_version=&#8221;4.16&#8243; _module_preset=&#8221;default&#8221; _unique_id=&#8221;2a8c98ae-1728-4b3f-8da1-c98689a98b6f&#8221; captcha_text_color=&#8221;#FFFFFF&#8221; custom_css_text_field=&#8221;color: #fff;&#8221; global_colors_info=&#8221;{}&#8221;][et_pb_contact_field field_id=&#8221;Name&#8221; field_title=&#8221;Name&#8221; fullwidth_field=&#8221;on&#8221; _builder_version=&#8221;4.16&#8243; global_colors_info=&#8221;{}&#8221; button_text_size__hover_enabled=&#8221;off&#8221; button_one_text_size__hover_enabled=&#8221;off&#8221; button_two_text_size__hover_enabled=&#8221;off&#8221; button_text_color__hover_enabled=&#8221;off&#8221; button_one_text_color__hover_enabled=&#8221;off&#8221; button_two_text_color__hover_enabled=&#8221;off&#8221; button_border_width__hover_enabled=&#8221;off&#8221; button_one_border_width__hover_enabled=&#8221;off&#8221; button_two_border_width__hover_enabled=&#8221;off&#8221; button_border_color__hover_enabled=&#8221;off&#8221; button_one_border_color__hover_enabled=&#8221;off&#8221; button_two_border_color__hover_enabled=&#8221;off&#8221; button_border_radius__hover_enabled=&#8221;off&#8221; button_one_border_radius__hover_enabled=&#8221;off&#8221; button_two_border_radius__hover_enabled=&#8221;off&#8221; button_letter_spacing__hover_enabled=&#8221;off&#8221; button_one_letter_spacing__hover_enabled=&#8221;off&#8221; button_two_letter_spacing__hover_enabled=&#8221;off&#8221; button_bg_color__hover_enabled=&#8221;off&#8221; button_one_bg_color__hover_enabled=&#8221;off&#8221; button_two_bg_color__hover_enabled=&#8221;off&#8221;][\/et_pb_contact_field][et_pb_contact_field field_id=&#8221;Phone&#8221; field_title=&#8221;Phone&#8221; fullwidth_field=&#8221;on&#8221; _builder_version=&#8221;4.16&#8243; _module_preset=&#8221;default&#8221; global_colors_info=&#8221;{}&#8221;][\/et_pb_contact_field][et_pb_contact_field field_id=&#8221;Email&#8221; field_title=&#8221;Email Address&#8221; field_type=&#8221;email&#8221; fullwidth_field=&#8221;on&#8221; _builder_version=&#8221;4.16&#8243; global_colors_info=&#8221;{}&#8221; button_text_size__hover_enabled=&#8221;off&#8221; button_one_text_size__hover_enabled=&#8221;off&#8221; button_two_text_size__hover_enabled=&#8221;off&#8221; button_text_color__hover_enabled=&#8221;off&#8221; button_one_text_color__hover_enabled=&#8221;off&#8221; button_two_text_color__hover_enabled=&#8221;off&#8221; button_border_width__hover_enabled=&#8221;off&#8221; button_one_border_width__hover_enabled=&#8221;off&#8221; button_two_border_width__hover_enabled=&#8221;off&#8221; button_border_color__hover_enabled=&#8221;off&#8221; button_one_border_color__hover_enabled=&#8221;off&#8221; button_two_border_color__hover_enabled=&#8221;off&#8221; button_border_radius__hover_enabled=&#8221;off&#8221; button_one_border_radius__hover_enabled=&#8221;off&#8221; button_two_border_radius__hover_enabled=&#8221;off&#8221; button_letter_spacing__hover_enabled=&#8221;off&#8221; button_one_letter_spacing__hover_enabled=&#8221;off&#8221; button_two_letter_spacing__hover_enabled=&#8221;off&#8221; button_bg_color__hover_enabled=&#8221;off&#8221; button_one_bg_color__hover_enabled=&#8221;off&#8221; button_two_bg_color__hover_enabled=&#8221;off&#8221;][\/et_pb_contact_field][\/et_pb_contact_form][\/et_pb_column][\/et_pb_row][\/et_pb_section][et_pb_section fb_built=&#8221;1&#8243; module_id=&#8221;testimonial-section-1&#8243; _builder_version=&#8221;4.16&#8243; transparent_background=&#8221;off&#8221; make_fullwidth=&#8221;off&#8221; use_custom_width=&#8221;off&#8221; width_unit=&#8221;on&#8221; global_colors_info=&#8221;{}&#8221; custom_padding=&#8221;13px|||||&#8221;][et_pb_row _builder_version=&#8221;4.22.2&#8243; _module_preset=&#8221;default&#8221;][et_pb_column _builder_version=&#8221;4.22.2&#8243; _module_preset=&#8221;default&#8221; type=&#8221;4_4&#8243;][et_pb_testimonial author=&#8221;Mich\u00e8le Cotsoyannis\u25ba Business Owner: H\u00f4tel Salary Bay&#8221; _builder_version=&#8221;4.22.2&#8243; _module_preset=&#8221;default&#8221; hover_enabled=&#8221;0&#8243; sticky_enabled=&#8221;0&#8243; author_font=&#8221;|700|on||||||&#8221; author_text_color=&#8221;#E02B20&#8243; animation_style=&#8221;bounce&#8221; custom_padding=&#8221;||10px|||&#8221;]<\/p>\n<p>Je suis Mich\u00e8le Cotsoyannis ,la propri\u00e9taire de l\u2019h\u00f4tel Salary Bay \u00e0 100 kms au Nord de Tulear et depuis l\u2019ouverture de Kadoland ,j\u2019ai enfin trouv\u00e9 une boutique o\u00f9 je pouvais denicher tout ce dont j\u2019avais besoin sans me d\u00e9placer \u00e0 Tana et surtout des produits de qualit\u00e9 et de tr\u00e8s bon go\u00fbt adapt\u00e9 \u00e0 l\u2019h\u00f4tellerie et \u00e0 la restauration.<\/p>\n<p>Femida, la propri\u00e9taire vous accueille toujours avec le sourire,attentive \u00e0 vos attentes et vos besoins.<\/p>\n<p>Si elle n\u2019a pas ce que vous cherchez,elle le commande et puis elle a su se diversifier et proposer \u00e0 ses clients des produits cosm\u00e9tiques,des parfums, du linge de maison, des jouets pour les enfants.<br \/>Une boutique \u00e0 son image o\u00f9 il fait bon de passer un moment et de trouver son bonheur.<\/p>\n<p>[\/et_pb_testimonial][et_pb_testimonial author=&#8221;Guillaume de Bejarry \u25baBusiness Owner: Ambatovaky Lodge&#8221; _builder_version=&#8221;4.22.2&#8243; _module_preset=&#8221;default&#8221; hover_enabled=&#8221;0&#8243; sticky_enabled=&#8221;0&#8243; author_font=&#8221;|700|on||||||&#8221; author_text_color=&#8221;#E02B20&#8243; animation_style=&#8221;bounce&#8221; custom_padding=&#8221;||6px|||&#8221;]<\/p>\n<p>Beaucoup de choix de qualit\u00e9, c est de loin la meilleur boutique de Tul\u00e9ar concernant les ustensiles de cuisine.\u00a0 Femi de Kdoland propose un large choix d&#8217;ustensiles de cuisine de qualit\u00e9. Vivement recommand\u00e9.<\/p>\n<p>r\u00e8s bonne accueil, produits de qualit\u00e9, je recommande vivement<\/p>\n<p>[\/et_pb_testimonial][et_pb_testimonial author=&#8221;Business Owner: La Bella Dona&#8221; _builder_version=&#8221;4.22.2&#8243; _module_preset=&#8221;default&#8221; hover_enabled=&#8221;0&#8243; sticky_enabled=&#8221;0&#8243; author_font=&#8221;|700|on||||||&#8221; author_text_color=&#8221;#E02B20&#8243; animation_style=&#8221;bounce&#8221; custom_padding=&#8221;||6px|||&#8221;]<\/p>\n<p>Le magasin est bien situ\u00e9, on n\u2019y trouve des produits de tr\u00e8s bonne qualit\u00e9 Rapport qualit\u00e9 prix c\u2019est raisonnable.<\/p>\n<p>Femie, La patronne est tr\u00e8s accueillante,tr\u00e8s gentille et vous accueille avec une \u00e9norme sourire et les deux jeune homme qui travaillent avec elle sont tr\u00e8s serviable aussi et si vous cherchez un cadeau \u00e0 offrir je vous conseille vivement ce magasin<\/p>\n<p>[\/et_pb_testimonial][et_pb_testimonial author=&#8221;J.Vosgien\u25ba Chef de projet &#038; Assistant Technique IECD&#8221; _builder_version=&#8221;4.22.2&#8243; _module_preset=&#8221;default&#8221; hover_enabled=&#8221;0&#8243; sticky_enabled=&#8221;0&#8243; author_font=&#8221;|700|on||||||&#8221; author_text_color=&#8221;#E02B20&#8243; animation_style=&#8221;bounce&#8221; custom_padding=&#8221;||6px|||&#8221;]<\/p>\n<p>K-Doland avec qui nous travaillons maintenant depuis presque 2ans, nous a beaucoup aid\u00e9 aux d\u00e9veloppements et \u00e0 la bonne r\u00e9alisation de nos travaux pratiques pour notre fili\u00e8re HR \u00e0 DBT.<\/p>\n<p>Par l&#8217;achat de mat\u00e9riels de qualit\u00e9 et le service de qualit\u00e9 r\u00e9alis\u00e9 par l&#8217;achat de nos besoins en MP et livraison sur nos diff\u00e9rents sites de plateau technique hebdomadaire.<\/p>\n<p>Merci et longue p\u00e9rennit\u00e9.<\/p>\n<p>[\/et_pb_testimonial][et_pb_testimonial author=&#8221;Guillaume \u25ba Restaurant le boeuf tulear&#8221; _builder_version=&#8221;4.22.2&#8243; _module_preset=&#8221;default&#8221; hover_enabled=&#8221;0&#8243; sticky_enabled=&#8221;0&#8243; author_font=&#8221;|700|on||||||&#8221; author_text_color=&#8221;#E02B20&#8243; animation_style=&#8221;bounce&#8221; custom_padding=&#8221;||6px|||&#8221;]<\/p>\n<p>Kdoland, Mon magasin pr\u00e9f\u00e9r\u00e9 pour la famille et la maison.<\/p>\n<p>Franchissez la porte, vous \u00eates \u00e0 la maison. Femi est la patronne la plus accueillante de Tulear !!!<br \/>Il y a forc\u00e9ment une \u00e9tag\u00e8re qui cache votre tr\u00e9sor.<\/p>\n<p>Femi vous guidera vers le cadeau parfait, que ce soit pour un anniversaire, une occasion sp\u00e9ciale ou juste pour le plaisir.<\/p>\n<p>Vous repartirez avec bien plus qu&#8217;un present et surtout avec l&#8217;envie d&#8217;y revenir !<\/p>\n<p>[\/et_pb_testimonial][\/et_pb_column][\/et_pb_row][\/et_pb_section][et_pb_section fb_built=&#8221;1&#8243; custom_padding_last_edited=&#8221;on|desktop&#8221; admin_label=&#8221;Section (classes %22secondary-background-color%22, %22primary-border-color%22)&#8221; module_class=&#8221;secondary-background-color  primary-border-color &#8221; _builder_version=&#8221;4.22.2&#8243; background_image=&#8221;https:\/\/kdoland.com\/wp-content\/uploads\/2023\/10\/Untitled-design-6-1.png&#8221; custom_padding=&#8221;32px||32px||true|&#8221; custom_padding_tablet=&#8221;70px||70px||true|false&#8221; custom_padding_phone=&#8221;65px||65px||true|false&#8221; border_width_bottom=&#8221;5px&#8221; global_module=&#8221;2240&#8243; saved_tabs=&#8221;all&#8221; global_colors_info=&#8221;{}&#8221;][et_pb_row _builder_version=&#8221;4.16&#8243; background_size=&#8221;initial&#8221; background_position=&#8221;top_left&#8221; background_repeat=&#8221;repeat&#8221; custom_padding=&#8221;0px||0px||true|false&#8221; global_colors_info=&#8221;{}&#8221;][et_pb_column type=&#8221;4_4&#8243; _builder_version=&#8221;4.16&#8243; custom_padding=&#8221;|||&#8221; global_colors_info=&#8221;{}&#8221; custom_padding__hover=&#8221;|||&#8221;][et_pb_cta title=&#8221;Do you need help finding a gift?&#8221; button_url=&#8221;@ET-DC@eyJkeW5hbWljIjp0cnVlLCJjb250ZW50IjoicG9zdF9saW5rX3VybF9wYWdlIiwic2V0dGluZ3MiOnsicG9zdF9pZCI6IjE3NzUifX0=@&#8221; button_text=&#8221;Contact Us&#8221; admin_label=&#8221;Contact Action&#8221; module_class=&#8221;promo-button-primary&#8221; _builder_version=&#8221;4.22.2&#8243; _dynamic_attributes=&#8221;button_url&#8221; header_text_color=&#8221;#000000&#8243; header_font_size=&#8221;34px&#8221; body_text_color=&#8221;#000000&#8243; body_font_size=&#8221;25px&#8221; body_line_height=&#8221;1.5em&#8221; use_background_color=&#8221;off&#8221; background_size=&#8221;initial&#8221; background_position=&#8221;top_left&#8221; background_repeat=&#8221;repeat&#8221; header_font_size_tablet=&#8221;30px&#8221; header_font_size_phone=&#8221;25px&#8221; header_font_size_last_edited=&#8221;on|desktop&#8221; button_text_color_hover=&#8221;#ffffff&#8221; button_border_color_hover=&#8221;#0b6bc5&#8243; button_letter_spacing_hover=&#8221;0&#8243; button_bg_color_hover=&#8221;#0b6bc5&#8243; global_colors_info=&#8221;{}&#8221; button_one_text_size__hover_enabled=&#8221;off&#8221; button_two_text_size__hover_enabled=&#8221;off&#8221; button_one_text_color__hover_enabled=&#8221;off&#8221; button_two_text_color__hover_enabled=&#8221;off&#8221; button_one_border_width__hover_enabled=&#8221;off&#8221; button_two_border_width__hover_enabled=&#8221;off&#8221; button_one_border_color__hover_enabled=&#8221;off&#8221; button_two_border_color__hover_enabled=&#8221;off&#8221; button_one_border_radius__hover_enabled=&#8221;off&#8221; button_two_border_radius__hover_enabled=&#8221;off&#8221; button_one_letter_spacing__hover_enabled=&#8221;off&#8221; button_two_letter_spacing__hover_enabled=&#8221;off&#8221; button_one_bg_color__hover_enabled=&#8221;off&#8221; button_two_bg_color__hover_enabled=&#8221;off&#8221;]<\/p>\n<p>Contact us today for a free quotation!<\/p>\n<p>[\/et_pb_cta][\/et_pb_column][\/et_pb_row][\/et_pb_section]<\/p>\n","protected":false},"excerpt":{"rendered":"<p>Kdoland! Your one-stop shopWe can fully furnish your commercial or private Kitchen!Let us make your bedroom a little Heaven down here!We have everything to make your living room comfy and cozy!Irrespective of the occasion&#8230;we have a Gift for you!REQUEST A QUOTEJe suis Mich\u00e8le Cotsoyannis ,la propri\u00e9taire de l\u2019h\u00f4tel Salary Bay \u00e0 100 kms au Nord [&hellip;]<\/p>\n","protected":false},"author":2,"featured_media":0,"parent":0,"menu_order":0,"comment_status":"closed","ping_status":"closed","template":"","meta":{"_et_pb_use_builder":"on","_et_pb_old_content":"","_et_gb_content_width":"","footnotes":""},"class_list":["post-264","page","type-page","status-publish","hentry"],"_links":{"self":[{"href":"https:\/\/kdoland.com\/index.php\/wp-json\/wp\/v2\/pages\/264","targetHints":{"allow":["GET"]}}],"collection":[{"href":"https:\/\/kdoland.com\/index.php\/wp-json\/wp\/v2\/pages"}],"about":[{"href":"https:\/\/kdoland.com\/index.php\/wp-json\/wp\/v2\/types\/page"}],"author":[{"embeddable":true,"href":"https:\/\/kdoland.com\/index.php\/wp-json\/wp\/v2\/users\/2"}],"replies":[{"embeddable":true,"href":"https:\/\/kdoland.com\/index.php\/wp-json\/wp\/v2\/comments?post=264"}],"version-history":[{"count":3,"href":"https:\/\/kdoland.com\/index.php\/wp-json\/wp\/v2\/pages\/264\/revisions"}],"predecessor-version":[{"id":28684,"href":"https:\/\/kdoland.com\/index.php\/wp-json\/wp\/v2\/pages\/264\/revisions\/28684"}],"wp:attachment":[{"href":"https:\/\/kdoland.com\/index.php\/wp-json\/wp\/v2\/media?parent=264"}],"curies":[{"name":"wp","href":"https:\/\/api.w.org\/{rel}","templated":true}]}}