{"id":28793,"date":"2023-12-03T05:09:23","date_gmt":"2023-12-03T05:09:23","guid":{"rendered":"https:\/\/kdoland.com\/?page_id=28793"},"modified":"2023-12-03T15:38:38","modified_gmt":"2023-12-03T15:38:38","slug":"bedroom","status":"publish","type":"page","link":"https:\/\/kdoland.com\/index.php\/bedroom\/","title":{"rendered":"Bedroom"},"content":{"rendered":"<p>[et_pb_section fb_built=&#8221;1&#8243; make_equal=&#8221;on&#8221; use_custom_gutter=&#8221;on&#8221; gutter_width=&#8221;2&#8243; specialty=&#8221;on&#8221; custom_padding_last_edited=&#8221;on|desktop&#8221; parallax_method_1=&#8221;off&#8221; parallax_method_2=&#8221;off&#8221; padding_top_1=&#8221;27px&#8221; module_class_1=&#8221;home-consultation-column&#8221; module_class=&#8221;flex-row-reverse-on-mobile &#8221; _builder_version=&#8221;4.16&#8243; custom_padding=&#8221;0px||27px|||&#8221; custom_padding_tablet=&#8221;||0px|&#8221; custom_padding_phone=&#8221;&#8221; transparent_background=&#8221;off&#8221; make_fullwidth=&#8221;off&#8221; use_custom_width=&#8221;off&#8221; width_unit=&#8221;on&#8221; global_colors_info=&#8221;{}&#8221;][et_pb_column type=&#8221;1_4&#8243; _builder_version=&#8221;4.16&#8243; custom_padding=&#8221;|||&#8221; global_colors_info=&#8221;{}&#8221; custom_padding__hover=&#8221;|||&#8221;][et_pb_blurb title=&#8221;Contact Us&#8221; image_icon_width=&#8221;none&#8221; disabled_on=&#8221;off|off|off&#8221; admin_label=&#8221;Contact us blurb&#8221; module_id=&#8221;blurb-contact&#8221; module_class=&#8221;secondary-background-color&#8221; _builder_version=&#8221;4.22.2&#8243; header_text_color=&#8221;#FFFFFF&#8221; header_line_height=&#8221;1.3em&#8221; body_text_color=&#8221;#FFFFFF&#8221; body_font_size=&#8221;16&#8243; background_image=&#8221;https:\/\/kdoland.com\/wp-content\/uploads\/2023\/10\/051.jpg&#8221; text_orientation=&#8221;center&#8221; background_layout=&#8221;dark&#8221; custom_padding=&#8221;40px|20px|40px|20px|true|true&#8221; custom_css_blurb_title=&#8221;padding-bottom: 20px;||margin-bottom: 20px;||border-bottom: 1px solid rgba(255,255,255,0.8);&#8221; border_style=&#8221;solid&#8221; image_max_width=&#8221;none&#8221; global_module=&#8221;2272&#8243; saved_tabs=&#8221;all&#8221; global_colors_info=&#8221;{}&#8221;]<\/p>\n<p><img decoding=\"async\" src=\"https:\/\/kdoland.com\/wp-content\/uploads\/2017\/02\/footer-ping-img-1.png\" \/><br \/>K-doland Enterprise<br \/>Bazar be Toliara<br \/>Madagascar<\/p>\n<p><img loading=\"lazy\" decoding=\"async\" class=\"alignnone size-full wp-image-1199\" src=\"https:\/\/kdoland.com\/wp-content\/uploads\/2017\/02\/footer-telephone-img.png\" alt=\"\" width=\"19\" height=\"19\" \/><br \/>+261320464780<\/p>\n<p><img loading=\"lazy\" decoding=\"async\" class=\"alignnone size-full wp-image-1198\" src=\"https:\/\/kdoland.com\/wp-content\/uploads\/2017\/02\/footer-envelope-img.png\" alt=\"\" width=\"20\" height=\"16\" \/><br \/><a href=\"mailto:john@construction.com\">femi@kdoland.com<\/a><\/p>\n<p>[\/et_pb_blurb][et_pb_image src=&#8221;https:\/\/kdoland.com\/wp-content\/uploads\/2023\/10\/cropped-kdoland-french-black-logo.png&#8221; title_text=&#8221;cropped-kdoland-french-black-logo.png&#8221; force_fullwidth=&#8221;on&#8221; disabled_on=&#8221;off|off|off&#8221; admin_label=&#8221;Free Estimates Image&#8221; _builder_version=&#8221;4.22.2&#8243; custom_css_main_element=&#8221;position: relative;&#8221; border_style=&#8221;solid&#8221; animation=&#8221;off&#8221; sticky=&#8221;off&#8221; always_center_on_mobile=&#8221;off&#8221; global_module=&#8221;2342&#8243; saved_tabs=&#8221;all&#8221; global_colors_info=&#8221;{}&#8221;][\/et_pb_image][\/et_pb_column][et_pb_column type=&#8221;3_4&#8243; specialty_columns=&#8221;3&#8243; _builder_version=&#8221;4.16&#8243; custom_padding=&#8221;|||&#8221; global_colors_info=&#8221;{}&#8221; custom_padding__hover=&#8221;|||&#8221;][et_pb_row_inner use_custom_gutter=&#8221;on&#8221; gutter_width=&#8221;2&#8243; custom_padding_last_edited=&#8221;on|desktop&#8221; admin_label=&#8221;Row&#8221; _builder_version=&#8221;4.16&#8243; custom_padding=&#8221;15px|||||&#8221; custom_padding_tablet=&#8221;0px|||&#8221; custom_padding_phone=&#8221;&#8221; global_colors_info=&#8221;{}&#8221;][et_pb_column_inner saved_specialty_column_type=&#8221;3_4&#8243; _builder_version=&#8221;4.16&#8243; custom_padding=&#8221;|||&#8221; global_colors_info=&#8221;{}&#8221; custom_padding__hover=&#8221;|||&#8221;][et_pb_text admin_label=&#8221;Title&#8221; _builder_version=&#8221;4.22.2&#8243; header_font_size=&#8221;36px&#8221; background_enable_image=&#8221;off&#8221; background_size=&#8221;initial&#8221; background_position=&#8221;top_left&#8221; background_enable_pattern_style=&#8221;on&#8221; background_pattern_style=&#8221;confetti&#8221; background_pattern_color=&#8221;#E02B20&#8243; custom_margin=&#8221;||20px||false|false&#8221; custom_padding=&#8221;10px|||55px|false|false&#8221; header_font_size_tablet=&#8221;34px&#8221; header_font_size_phone=&#8221;30px&#8221; header_font_size_last_edited=&#8221;on|phone&#8221; use_border_color=&#8221;off&#8221; border_color=&#8221;#ffffff&#8221; border_style=&#8221;solid&#8221; global_colors_info=&#8221;{}&#8221;]<\/p>\n<h2>Your Dream Bedroom<\/h2>\n<p>[\/et_pb_text][et_pb_text _builder_version=&#8221;4.22.2&#8243; hover_enabled=&#8221;0&#8243; border_style=&#8221;solid&#8221; global_colors_info=&#8221;{}&#8221; sticky_enabled=&#8221;0&#8243;]<\/p>\n<p>KDOLAND is your destination to craft dream bedrooms and elevate the essence of rest.<\/p>\n<p><span>KDOLAND is not just about furniture; it&#8217;s about turning aspirations into reality.<\/span><\/p>\n<p><span><img loading=\"lazy\" decoding=\"async\" src=\"https:\/\/kdoland.com\/wp-content\/uploads\/2023\/12\/bedroom3-1-300x300.jpg\" width=\"300\" height=\"300\" alt=\"\" class=\"wp-image-28798 alignnone size-medium\" \/><img loading=\"lazy\" decoding=\"async\" src=\"https:\/\/kdoland.com\/wp-content\/uploads\/2023\/12\/bedroom2-1-300x300.jpg\" width=\"300\" height=\"300\" alt=\"\" class=\"wp-image-28799 alignnone size-medium\" \/><\/span><\/p>\n<p><span>It&#8217;s a haven where dreams find their space, where rest becomes an art form. <\/span><\/p>\n<p><span>Every piece in our selection isn&#8217;t just an item; it&#8217;s a brushstroke in the canvas of your dreams\u2014a canvas woven with comfort, tranquility, and the promise of rejuvenation.<\/span><\/p>\n<p><span><img loading=\"lazy\" decoding=\"async\" src=\"https:\/\/kdoland.com\/wp-content\/uploads\/2023\/12\/bedroom4-1-300x300.jpg\" width=\"300\" height=\"300\" alt=\"\" class=\"wp-image-28801 alignnone size-medium\" \/><\/span><\/p>\n<p>[\/et_pb_text][et_pb_text _builder_version=&#8221;4.22.2&#8243; hover_enabled=&#8221;0&#8243; border_style=&#8221;solid&#8221; global_colors_info=&#8221;{}&#8221; sticky_enabled=&#8221;0&#8243;]<\/p>\n<p>At the heart of KDOLAND&#8217;s vision are clientele seeking more than just furniture.<\/p>\n<p>It&#8217;s for the dreamers envisioning serene retreats, the designers crafting stories in luxury bedrooms, and the industries creating tranquil guest spaces.<\/p>\n<p>Our clientele includes;<\/p>\n<p>[\/et_pb_text][\/et_pb_column_inner][\/et_pb_row_inner][et_pb_row_inner column_structure=&#8221;1_2,1_2&#8243; use_custom_gutter=&#8221;on&#8221; gutter_width=&#8221;2&#8243; custom_padding_last_edited=&#8221;on|desktop&#8221; admin_label=&#8221;Row&#8221; _builder_version=&#8221;4.16&#8243; custom_padding=&#8221;0px||3px|||&#8221; custom_padding_tablet=&#8221;0px|||&#8221; custom_padding_phone=&#8221;&#8221; global_colors_info=&#8221;{}&#8221;][et_pb_column_inner type=&#8221;1_2&#8243; saved_specialty_column_type=&#8221;3_4&#8243; _builder_version=&#8221;4.16&#8243; custom_padding=&#8221;|||&#8221; global_colors_info=&#8221;{}&#8221; custom_padding__hover=&#8221;|||&#8221;][et_pb_accordion _builder_version=&#8221;4.22.2&#8243; toggle_text_color=&#8221;#000000&#8243; toggle_font_size=&#8221;14px&#8221; hover_enabled=&#8221;0&#8243; border_style=&#8221;solid&#8221; global_colors_info=&#8221;{}&#8221; sticky_enabled=&#8221;0&#8243;][et_pb_accordion_item title=&#8221;Interior Design Enthusiasts:&#8221; open=&#8221;off&#8221; _builder_version=&#8221;4.22.2&#8243; global_colors_info=&#8221;{}&#8221;]<\/p>\n<ul>\n<li><span style=\"color: #000000;\"><strong>Demographics:<\/strong><\/span> Typically aged 25-45, design-savvy individuals passionate about creating visually appealing and functional spaces.<\/li>\n<li><span style=\"color: #000000;\"><strong>Preferences:<\/strong><\/span> Seek unique and statement pieces to elevate their interiors, often inspired by current design trends and timeless aesthetics.<\/li>\n<\/ul>\n<p>[\/et_pb_accordion_item][et_pb_accordion_item title=&#8221;Functional &#038; Stylish Seekers:&#8221; _builder_version=&#8221;4.22.2&#8243; global_colors_info=&#8221;{}&#8221; open=&#8221;off&#8221;]<\/p>\n<p><span style=\"color: #000000;\"><strong>Demographics:<\/strong><\/span> Broad audience, spanning various age groups and income levels.<br \/><span style=\"color: #000000;\"><strong>Preferences:<\/strong><\/span> Focus on practical yet stylish home solutions, prioritizing functionality without compromising on aesthetic appeal.<\/p>\n<p>[\/et_pb_accordion_item][et_pb_accordion_item title=&#8221;Personalization Enthusiasts:&#8221; _builder_version=&#8221;4.22.2&#8243; global_colors_info=&#8221;{}&#8221; open=&#8221;on&#8221;]<\/p>\n<p><span style=\"color: #000000;\"><strong>Demographics:<\/strong> <\/span>Individuals\/corporates seeking to infuse their personality into their living spaces.<br \/><span style=\"color: #000000;\"><strong>Preferences:<\/strong><\/span> Value personalized accents and unique pieces that reflect their individual tastes and tell their personal story.<\/p>\n<p>[\/et_pb_accordion_item][\/et_pb_accordion][\/et_pb_column_inner][et_pb_column_inner type=&#8221;1_2&#8243; saved_specialty_column_type=&#8221;3_4&#8243; _builder_version=&#8221;4.16&#8243; custom_padding=&#8221;|||&#8221; global_colors_info=&#8221;{}&#8221; custom_padding__hover=&#8221;|||&#8221;][et_pb_image src=&#8221;https:\/\/kdoland.com\/wp-content\/uploads\/2023\/12\/bedroom1-1.jpg&#8221; title_text=&#8221;bedroom1 (1)&#8221; align_tablet=&#8221;center&#8221; align_phone=&#8221;&#8221; align_last_edited=&#8221;on|desktop&#8221; _builder_version=&#8221;4.22.2&#8243; custom_margin=&#8221;6px|||||&#8221; hover_enabled=&#8221;0&#8243; use_border_color=&#8221;off&#8221; border_color=&#8221;#ffffff&#8221; border_style=&#8221;solid&#8221; animation=&#8221;off&#8221; sticky=&#8221;off&#8221; always_center_on_mobile=&#8221;on&#8221; global_colors_info=&#8221;{}&#8221; sticky_enabled=&#8221;0&#8243;][\/et_pb_image][\/et_pb_column_inner][\/et_pb_row_inner][et_pb_row_inner use_custom_gutter=&#8221;on&#8221; gutter_width=&#8221;2&#8243; custom_padding_last_edited=&#8221;on|desktop&#8221; admin_label=&#8221;Row&#8221; _builder_version=&#8221;4.16&#8243; custom_padding=&#8221;4px||1px|||&#8221; custom_padding_tablet=&#8221;0px||0px|&#8221; custom_padding_phone=&#8221;&#8221; global_colors_info=&#8221;{}&#8221;][et_pb_column_inner saved_specialty_column_type=&#8221;3_4&#8243; _builder_version=&#8221;4.16&#8243; custom_padding=&#8221;|||&#8221; global_colors_info=&#8221;{}&#8221; custom_padding__hover=&#8221;|||&#8221;][et_pb_text _builder_version=&#8221;4.22.2&#8243; custom_margin=&#8221;||16px|||&#8221; border_style=&#8221;solid&#8221; global_colors_info=&#8221;{}&#8221;]<\/p>\n<p>Why Buy From Us?<\/p>\n<p>[\/et_pb_text][et_pb_text admin_label=&#8221;List (class %22services-list%22)&#8221; module_class=&#8221;services-list&#8221; _builder_version=&#8221;4.22.2&#8243; text_font_size=&#8221;15px&#8221; hover_enabled=&#8221;0&#8243; border_style=&#8221;solid&#8221; global_colors_info=&#8221;{}&#8221; sticky_enabled=&#8221;0&#8243;]<\/p>\n<ul>\n<li>KDOLAND empowers customers with customization options, allowing them to personalize their bedrooms. From bedding to furniture, our collection offers bespoke solutions, catering to individual tastes and preferences for a truly personalized retreat.<\/li>\n<li>KDOLAND stands out by seamlessly blending tailored comfort with sophisticated style. Each piece in our bedroom collection harmonizes modern aesthetics with ergonomic designs, ensuring an exquisite balance between visual appeal and unparalleled comfort.<\/li>\n<li>KDOLAND offers more than furniture; it provides a comprehensive bedroom experience. From design consultations to lifestyle recommendations, we aim to curate spaces that are not just visually stunning but also foster restful, rejuvenating experiences.<\/li>\n<\/ul>\n<p>[\/et_pb_text][\/et_pb_column_inner][\/et_pb_row_inner][\/et_pb_column][\/et_pb_section][et_pb_section fb_built=&#8221;1&#8243; custom_padding_last_edited=&#8221;on|phone&#8221; admin_label=&#8221;Section (class %22third-background-color%22)&#8221; module_id=&#8221;home-testimonial-module&#8221; module_class=&#8221;third-background-color&#8221; _builder_version=&#8221;4.2.2&#8243; custom_margin=&#8221;-32px|||||&#8221; custom_padding=&#8221;14px||14px||true|false&#8221; custom_padding_tablet=&#8221;&#8221; custom_padding_phone=&#8221;||||true|false&#8221; global_module=&#8221;2241&#8243; saved_tabs=&#8221;all&#8221; global_colors_info=&#8221;{}&#8221;][et_pb_row _builder_version=&#8221;4.16&#8243; background_size=&#8221;initial&#8221; background_position=&#8221;top_left&#8221; background_repeat=&#8221;repeat&#8221; global_colors_info=&#8221;{}&#8221;][et_pb_column type=&#8221;4_4&#8243; _builder_version=&#8221;4.16&#8243; custom_padding=&#8221;|||&#8221; global_colors_info=&#8221;{}&#8221; custom_padding__hover=&#8221;|||&#8221;][et_pb_text admin_label=&#8221;Title&#8221; _builder_version=&#8221;4.16&#8243; header_font_size=&#8221;36px&#8221; background_size=&#8221;initial&#8221; background_position=&#8221;top_left&#8221; background_repeat=&#8221;repeat&#8221; text_orientation=&#8221;center&#8221; module_alignment=&#8221;center&#8221; header_font_size_tablet=&#8221;33px&#8221; header_font_size_phone=&#8221;30px&#8221; header_font_size_last_edited=&#8221;on|phone&#8221; global_colors_info=&#8221;{}&#8221;]<\/p>\n<h1>Client <span class=\"primary-color\"> Testimonials <\/span><\/h1>\n<p>[\/et_pb_text][\/et_pb_column][\/et_pb_row][et_pb_row column_structure=&#8221;1_2,1_2&#8243; use_custom_gutter=&#8221;on&#8221; gutter_width=&#8221;2&#8243; custom_padding_last_edited=&#8221;on|desktop&#8221; _builder_version=&#8221;4.16&#8243; background_size=&#8221;initial&#8221; background_position=&#8221;top_left&#8221; background_repeat=&#8221;repeat&#8221; custom_padding=&#8221;0px||35px||false|false&#8221; custom_padding_tablet=&#8221;&#8221; custom_padding_phone=&#8221;&#8221; global_colors_info=&#8221;{}&#8221;][et_pb_column type=&#8221;1_2&#8243; _builder_version=&#8221;4.16&#8243; custom_padding=&#8221;|||&#8221; global_colors_info=&#8221;{}&#8221; custom_padding__hover=&#8221;|||&#8221;][et_pb_testimonial author=&#8221;Mich\u00e8le Cotsoyannis&#8221; company_name=&#8221;Business Owner: H\u00f4tel Salary Bay&#8221; quote_icon=&#8221;off&#8221; admin_label=&#8221;Testimonial (class %22homepage-testimonials%22)&#8221; module_class=&#8221;homepage-testimonials&#8221; _builder_version=&#8221;4.22.2&#8243; body_font=&#8221;||on||||||&#8221; body_font_size=&#8221;15px&#8221; author_text_color=&#8221;#000000&#8243; background_color=&#8221;#ffffff&#8221; custom_css_testimonial_author=&#8221;font-style: normal;&#8221; border_radii=&#8221;on|8px|8px|8px|8px&#8221; global_colors_info=&#8221;{}&#8221;]<\/p>\n<p>Je suis Mich\u00e8le Cotsoyannis ,la propri\u00e9taire de l\u2019h\u00f4tel Salary Bay \u00e0 100 kms au Nord de Tulear et depuis l\u2019ouverture de Kadoland ,j\u2019ai enfin trouv\u00e9 une boutique o\u00f9 je pouvais denicher tout ce dont j\u2019avais besoin sans me d\u00e9placer \u00e0 Tana et surtout des produits de qualit\u00e9 et de tr\u00e8s bon go\u00fbt adapt\u00e9 \u00e0 l\u2019h\u00f4tellerie et \u00e0 la restauration.<\/p>\n<p>Femida, la propri\u00e9taire vous accueille toujours avec le sourire,attentive \u00e0 vos attentes et vos besoins.<\/p>\n<p>Si elle n\u2019a pas ce que vous cherchez,elle le commande et puis elle a su se diversifier et proposer \u00e0 ses clients des produits cosm\u00e9tiques,des parfums, du linge de maison, des jouets pour les enfants.<br \/>Une boutique \u00e0 son image o\u00f9 il fait bon de passer un moment et de trouver son bonheur.<\/p>\n<p>[\/et_pb_testimonial][\/et_pb_column][et_pb_column type=&#8221;1_2&#8243; _builder_version=&#8221;4.16&#8243; custom_padding=&#8221;|||&#8221; global_colors_info=&#8221;{}&#8221; custom_padding__hover=&#8221;|||&#8221;][et_pb_testimonial author=&#8221;Guillaume de Bejarry&#8221; company_name=&#8221;Business Owner: Ambatovaky Lodge &#8221; quote_icon=&#8221;off&#8221; admin_label=&#8221;Testimonial (class %22homepage-testimonials%22)&#8221; module_class=&#8221;homepage-testimonials&#8221; _builder_version=&#8221;4.22.2&#8243; body_font=&#8221;||on||||||&#8221; body_font_size=&#8221;15px&#8221; author_text_color=&#8221;#000000&#8243; background_color=&#8221;#ffffff&#8221; custom_css_testimonial_author=&#8221;font-style: normal;&#8221; border_radii=&#8221;on|8px|8px|8px|8px&#8221; global_colors_info=&#8221;{}&#8221;]<\/p>\n<p>\u00a0Beaucoup de choix de qualit\u00e9, c est de loin la meilleur boutique de Tul\u00e9ar concernant les ustensiles de cuisine.<\/p>\n<p>Femi de Kdoland propose un large choix d&#8217;ustensiles de cuisine de qualit\u00e9. Vivement recommand\u00e9.<\/p>\n<p>r\u00e8s bonne accueil, produits de qualit\u00e9, je recommande vivement<\/p>\n<p>[\/et_pb_testimonial][\/et_pb_column][\/et_pb_row][et_pb_row column_structure=&#8221;1_2,1_2&#8243; use_custom_gutter=&#8221;on&#8221; gutter_width=&#8221;2&#8243; custom_padding_last_edited=&#8221;on|desktop&#8221; _builder_version=&#8221;4.16&#8243; background_size=&#8221;initial&#8221; background_position=&#8221;top_left&#8221; background_repeat=&#8221;repeat&#8221; custom_padding=&#8221;0px||35px||false|false&#8221; custom_padding_tablet=&#8221;&#8221; custom_padding_phone=&#8221;&#8221; global_colors_info=&#8221;{}&#8221;][et_pb_column type=&#8221;1_2&#8243; _builder_version=&#8221;4.16&#8243; custom_padding=&#8221;|||&#8221; global_colors_info=&#8221;{}&#8221; custom_padding__hover=&#8221;|||&#8221;][et_pb_testimonial company_name=&#8221;Business Owner: La Bella Dona&#8221; quote_icon=&#8221;off&#8221; admin_label=&#8221;Testimonial (class %22homepage-testimonials%22)&#8221; module_class=&#8221;homepage-testimonials&#8221; _builder_version=&#8221;4.22.2&#8243; body_font=&#8221;||on||||||&#8221; body_font_size=&#8221;15px&#8221; author_text_color=&#8221;#000000&#8243; background_color=&#8221;#ffffff&#8221; custom_css_testimonial_author=&#8221;font-style: normal;&#8221; border_radii=&#8221;on|8px|8px|8px|8px&#8221; global_colors_info=&#8221;{}&#8221;]<\/p>\n<p>Le magasin est bien situ\u00e9, on n\u2019y trouve des produits de tr\u00e8s bonne qualit\u00e9 <br \/>Rapport qualit\u00e9 prix c\u2019est raisonnable.<\/p>\n<p>Femie, La patronne est tr\u00e8s accueillante,tr\u00e8s gentille et vous accueille avec une \u00e9norme sourire et les deux jeune homme qui travaillent avec elle sont tr\u00e8s serviable aussi et si vous cherchez un cadeau \u00e0 offrir je vous conseille vivement ce magasin<\/p>\n<p>[\/et_pb_testimonial][\/et_pb_column][et_pb_column type=&#8221;1_2&#8243; _builder_version=&#8221;4.16&#8243; custom_padding=&#8221;|||&#8221; global_colors_info=&#8221;{}&#8221; custom_padding__hover=&#8221;|||&#8221;][et_pb_testimonial author=&#8221;J.Vosgien&#8221; company_name=&#8221;Chef de projet &#038; Assistant Technique IECD&#8221; quote_icon=&#8221;off&#8221; admin_label=&#8221;Testimonial (class %22homepage-testimonials%22)&#8221; module_class=&#8221;homepage-testimonials&#8221; _builder_version=&#8221;4.22.2&#8243; body_font=&#8221;||on||||||&#8221; body_font_size=&#8221;15px&#8221; author_text_color=&#8221;#000000&#8243; background_color=&#8221;#ffffff&#8221; custom_css_testimonial_author=&#8221;font-style: normal;&#8221; border_radii=&#8221;on|8px|8px|8px|8px&#8221; global_colors_info=&#8221;{}&#8221;]<\/p>\n<p>K-Doland avec qui nous travaillons maintenant depuis presque 2ans, nous a beaucoup aid\u00e9 aux d\u00e9veloppements et \u00e0 la bonne r\u00e9alisation de nos travaux pratiques pour notre fili\u00e8re HR \u00e0 DBT.<\/p>\n<p>Par l&#8217;achat de mat\u00e9riels de qualit\u00e9 et le service de qualit\u00e9 r\u00e9alis\u00e9 par l&#8217;achat de nos besoins en MP et livraison sur nos diff\u00e9rents sites de plateau technique hebdomadaire. Merci et longue p\u00e9rennit\u00e9.<\/p>\n<p>[\/et_pb_testimonial][\/et_pb_column][\/et_pb_row][et_pb_row column_structure=&#8221;1_2,1_2&#8243; use_custom_gutter=&#8221;on&#8221; gutter_width=&#8221;2&#8243; custom_padding_last_edited=&#8221;on|desktop&#8221; _builder_version=&#8221;4.16&#8243; background_size=&#8221;initial&#8221; background_position=&#8221;top_left&#8221; background_repeat=&#8221;repeat&#8221; custom_padding=&#8221;0px||35px||false|false&#8221; custom_padding_tablet=&#8221;&#8221; custom_padding_phone=&#8221;&#8221; global_colors_info=&#8221;{}&#8221;][et_pb_column type=&#8221;1_2&#8243; _builder_version=&#8221;4.16&#8243; custom_padding=&#8221;|||&#8221; global_colors_info=&#8221;{}&#8221; custom_padding__hover=&#8221;|||&#8221;][et_pb_testimonial author=&#8221;Guillaume&#8221; company_name=&#8221;Restaurant le boeuf tulear&#8221; quote_icon=&#8221;off&#8221; admin_label=&#8221;Testimonial (class %22homepage-testimonials%22)&#8221; module_class=&#8221;homepage-testimonials&#8221; _builder_version=&#8221;4.22.2&#8243; body_font=&#8221;||on||||||&#8221; body_font_size=&#8221;15px&#8221; author_text_color=&#8221;#000000&#8243; background_color=&#8221;#ffffff&#8221; custom_css_testimonial_author=&#8221;font-style: normal;&#8221; border_radii=&#8221;on|8px|8px|8px|8px&#8221; global_colors_info=&#8221;{}&#8221;]<\/p>\n<p>Kdoland, Mon magasin pr\u00e9f\u00e9r\u00e9 pour la famille et la maison.<\/p>\n<p>Franchissez la porte, vous \u00eates \u00e0 la maison. Femi est la patronne la plus accueillante de Tulear !!!<br \/>Il y a forc\u00e9ment une \u00e9tag\u00e8re qui cache votre tr\u00e9sor.<\/p>\n<p>Femi vous guidera vers le cadeau parfait, que ce soit pour un anniversaire, une occasion sp\u00e9ciale ou juste pour le plaisir.<\/p>\n<p>Vous repartirez avec bien plus qu&#8217;un present et surtout avec l&#8217;envie d&#8217;y revenir !<\/p>\n<p>[\/et_pb_testimonial][\/et_pb_column][et_pb_column type=&#8221;1_2&#8243; _builder_version=&#8221;4.16&#8243; custom_padding=&#8221;|||&#8221; global_colors_info=&#8221;{}&#8221; custom_padding__hover=&#8221;|||&#8221;][\/et_pb_column][\/et_pb_row][\/et_pb_section][et_pb_section fb_built=&#8221;1&#8243; custom_padding_last_edited=&#8221;on|desktop&#8221; admin_label=&#8221;Section (classes %22secondary-background-color%22, %22primary-border-color%22)&#8221; module_class=&#8221;secondary-background-color  primary-border-color &#8221; _builder_version=&#8221;4.22.2&#8243; background_image=&#8221;https:\/\/kdoland.com\/wp-content\/uploads\/2023\/10\/Untitled-design-6-1.png&#8221; custom_padding=&#8221;32px||32px||true|&#8221; custom_padding_tablet=&#8221;70px||70px||true|false&#8221; custom_padding_phone=&#8221;65px||65px||true|false&#8221; border_width_bottom=&#8221;5px&#8221; global_module=&#8221;2240&#8243; saved_tabs=&#8221;all&#8221; global_colors_info=&#8221;{}&#8221;][et_pb_row _builder_version=&#8221;4.16&#8243; background_size=&#8221;initial&#8221; background_position=&#8221;top_left&#8221; background_repeat=&#8221;repeat&#8221; custom_padding=&#8221;0px||0px||true|false&#8221; global_colors_info=&#8221;{}&#8221;][et_pb_column type=&#8221;4_4&#8243; _builder_version=&#8221;4.16&#8243; custom_padding=&#8221;|||&#8221; global_colors_info=&#8221;{}&#8221; custom_padding__hover=&#8221;|||&#8221;][et_pb_cta title=&#8221;Do you need help finding a gift?&#8221; button_url=&#8221;@ET-DC@eyJkeW5hbWljIjp0cnVlLCJjb250ZW50IjoicG9zdF9saW5rX3VybF9wYWdlIiwic2V0dGluZ3MiOnsicG9zdF9pZCI6IjE3NzUifX0=@&#8221; button_text=&#8221;Contact Us&#8221; admin_label=&#8221;Contact Action&#8221; module_class=&#8221;promo-button-primary&#8221; _builder_version=&#8221;4.22.2&#8243; _dynamic_attributes=&#8221;button_url&#8221; header_text_color=&#8221;#000000&#8243; header_font_size=&#8221;34px&#8221; body_text_color=&#8221;#000000&#8243; body_font_size=&#8221;25px&#8221; body_line_height=&#8221;1.5em&#8221; use_background_color=&#8221;off&#8221; background_size=&#8221;initial&#8221; background_position=&#8221;top_left&#8221; background_repeat=&#8221;repeat&#8221; header_font_size_tablet=&#8221;30px&#8221; header_font_size_phone=&#8221;25px&#8221; header_font_size_last_edited=&#8221;on|desktop&#8221; button_text_color_hover=&#8221;#ffffff&#8221; button_border_color_hover=&#8221;#0b6bc5&#8243; button_letter_spacing_hover=&#8221;0&#8243; button_bg_color_hover=&#8221;#0b6bc5&#8243; global_colors_info=&#8221;{}&#8221; button_one_text_size__hover_enabled=&#8221;off&#8221; button_two_text_size__hover_enabled=&#8221;off&#8221; button_one_text_color__hover_enabled=&#8221;off&#8221; button_two_text_color__hover_enabled=&#8221;off&#8221; button_one_border_width__hover_enabled=&#8221;off&#8221; button_two_border_width__hover_enabled=&#8221;off&#8221; button_one_border_color__hover_enabled=&#8221;off&#8221; button_two_border_color__hover_enabled=&#8221;off&#8221; button_one_border_radius__hover_enabled=&#8221;off&#8221; button_two_border_radius__hover_enabled=&#8221;off&#8221; button_one_letter_spacing__hover_enabled=&#8221;off&#8221; button_two_letter_spacing__hover_enabled=&#8221;off&#8221; button_one_bg_color__hover_enabled=&#8221;off&#8221; button_two_bg_color__hover_enabled=&#8221;off&#8221;]<\/p>\n<p>Contact us today for a free quotation!<\/p>\n<p>[\/et_pb_cta][\/et_pb_column][\/et_pb_row][\/et_pb_section]<\/p>\n","protected":false},"excerpt":{"rendered":"<p>K-doland EnterpriseBazar be ToliaraMadagascar +261320464780 femi@kdoland.com Your Dream BedroomKDOLAND is your destination to craft dream bedrooms and elevate the essence of rest. KDOLAND is not just about furniture; it&#8217;s about turning aspirations into reality. It&#8217;s a haven where dreams find their space, where rest becomes an art form. Every piece in our selection isn&#8217;t just [&hellip;]<\/p>\n","protected":false},"author":2,"featured_media":0,"parent":0,"menu_order":0,"comment_status":"closed","ping_status":"closed","template":"","meta":{"_et_pb_use_builder":"on","_et_pb_old_content":"","_et_gb_content_width":"","footnotes":""},"class_list":["post-28793","page","type-page","status-publish","hentry"],"_links":{"self":[{"href":"https:\/\/kdoland.com\/index.php\/wp-json\/wp\/v2\/pages\/28793","targetHints":{"allow":["GET"]}}],"collection":[{"href":"https:\/\/kdoland.com\/index.php\/wp-json\/wp\/v2\/pages"}],"about":[{"href":"https:\/\/kdoland.com\/index.php\/wp-json\/wp\/v2\/types\/page"}],"author":[{"embeddable":true,"href":"https:\/\/kdoland.com\/index.php\/wp-json\/wp\/v2\/users\/2"}],"replies":[{"embeddable":true,"href":"https:\/\/kdoland.com\/index.php\/wp-json\/wp\/v2\/comments?post=28793"}],"version-history":[{"count":4,"href":"https:\/\/kdoland.com\/index.php\/wp-json\/wp\/v2\/pages\/28793\/revisions"}],"predecessor-version":[{"id":28803,"href":"https:\/\/kdoland.com\/index.php\/wp-json\/wp\/v2\/pages\/28793\/revisions\/28803"}],"wp:attachment":[{"href":"https:\/\/kdoland.com\/index.php\/wp-json\/wp\/v2\/media?parent=28793"}],"curies":[{"name":"wp","href":"https:\/\/api.w.org\/{rel}","templated":true}]}}